{"id":4248,"date":"2020-10-16T08:22:48","date_gmt":"2020-10-16T08:22:48","guid":{"rendered":"https:\/\/www.amazonmykonos.com\/conferences-copy\/"},"modified":"2022-12-05T13:35:41","modified_gmt":"2022-12-05T13:35:41","slug":"conferences","status":"publish","type":"page","link":"https:\/\/www.amazonmykonos.com\/de\/conferences\/","title":{"rendered":"KONFERENZEN"},"content":{"rendered":"<p>Organisieren Sie Ihre Konferenzen, Tagungen und Veranstaltungen in unserem komfortablen und modernen Ipoliti-Konferenzzentrum, das Platz f\u00fcr bis zu 100 Teilnehmer bietet. Das Zentrum ist ideal f\u00fcr Vortr\u00e4ge, Workshops und Pr\u00e4sentationen und der Raum kann in einen theater- oder schul\u00e4hnlichen Raum umgewandelt werden.<\/p>\n<p>Unser Konferenzraum verf\u00fcgt \u00fcber eine gro\u00dfe Leinwand mit Projektor, ein Podium und eine hochwertige Mikrofon- und Lautsprecheranlage. Veranstaltungen k\u00f6nnen von unserem Hotel organisiert oder geplant werden, und wir bieten auch Catering f\u00fcr Ihre Kaffeepause und\/oder ein leichtes Mittagessen an.<\/p>\n","protected":false},"excerpt":{"rendered":"<p>Organisieren Sie Ihre Konferenzen, Tagungen und Veranstaltungen in unserem komfortablen und modernen Ipoliti-Konferenzzentrum, das Platz f\u00fcr bis zu 100 Teilnehmer bietet. Das Zentrum ist ideal f\u00fcr Vortr\u00e4ge, Workshops und Pr\u00e4sentationen und der Raum kann in einen theater- oder schul\u00e4hnlichen Raum umgewandelt werden. Unser Konferenzraum verf\u00fcgt \u00fcber eine gro\u00dfe Leinwand mit Projektor, ein Podium und eine [&hellip;]<\/p>\n","protected":false},"author":2,"featured_media":0,"parent":0,"menu_order":0,"comment_status":"closed","ping_status":"closed","template":"","meta":{"_acf_changed":false,"footnotes":""},"class_list":["post-4248","page","type-page","status-publish","hentry"],"acf":[],"aioseo_notices":[],"_links":{"self":[{"href":"https:\/\/www.amazonmykonos.com\/de\/wp-json\/wp\/v2\/pages\/4248","targetHints":{"allow":["GET"]}}],"collection":[{"href":"https:\/\/www.amazonmykonos.com\/de\/wp-json\/wp\/v2\/pages"}],"about":[{"href":"https:\/\/www.amazonmykonos.com\/de\/wp-json\/wp\/v2\/types\/page"}],"author":[{"embeddable":true,"href":"https:\/\/www.amazonmykonos.com\/de\/wp-json\/wp\/v2\/users\/2"}],"replies":[{"embeddable":true,"href":"https:\/\/www.amazonmykonos.com\/de\/wp-json\/wp\/v2\/comments?post=4248"}],"version-history":[{"count":4,"href":"https:\/\/www.amazonmykonos.com\/de\/wp-json\/wp\/v2\/pages\/4248\/revisions"}],"predecessor-version":[{"id":4357,"href":"https:\/\/www.amazonmykonos.com\/de\/wp-json\/wp\/v2\/pages\/4248\/revisions\/4357"}],"wp:attachment":[{"href":"https:\/\/www.amazonmykonos.com\/de\/wp-json\/wp\/v2\/media?parent=4248"}],"curies":[{"name":"wp","href":"https:\/\/api.w.org\/{rel}","templated":true}]}}