{"id":4250,"date":"2020-05-15T08:59:15","date_gmt":"2020-05-15T08:59:15","guid":{"rendered":"https:\/\/www.amazonmykonos.com\/spa-wellness-copy\/"},"modified":"2024-05-30T12:48:47","modified_gmt":"2024-05-30T12:48:47","slug":"spa-wellness","status":"publish","type":"page","link":"https:\/\/www.amazonmykonos.com\/de\/spa-wellness\/","title":{"rendered":"SPA &#038; WELLNESS"},"content":{"rendered":"<p>Geben Sie sich dem puren Genuss hin, in den erfahrenen H\u00e4nde unserer Therapeuten. Unser Spa bietet ein breites Spektrum an Sch\u00f6nheits- und Wellnessbehandlungen f\u00fcr K\u00f6rper, Geist und Seele.<\/p>\n<p><strong>Die Spa-Einrichtungen umfassen:<br \/>\n<\/strong><\/p>\n<ul>\n<li>Behandlungsr\u00e4ume<\/li>\n<li>Hallenbad (beheizt)<\/li>\n<li>Hammam<\/li>\n<li>Friseursalon (Auf Anfrage)<\/li>\n<li>Manik\u00fcre- &#038; Pedik\u00fcre-Station<\/li>\n<li>Fitness Center<\/li>\n<li>Entspannungsbereich<\/li>\n<\/ul>\n","protected":false},"excerpt":{"rendered":"<p>Geben Sie sich dem puren Genuss hin, in den erfahrenen H\u00e4nde unserer Therapeuten. Unser Spa bietet ein breites Spektrum an Sch\u00f6nheits- und Wellnessbehandlungen f\u00fcr K\u00f6rper, Geist und Seele. Die Spa-Einrichtungen umfassen: Behandlungsr\u00e4ume Hallenbad (beheizt) Hammam Friseursalon (Auf Anfrage) Manik\u00fcre- &#038; Pedik\u00fcre-Station Fitness Center Entspannungsbereich<\/p>\n","protected":false},"author":2,"featured_media":0,"parent":0,"menu_order":0,"comment_status":"closed","ping_status":"closed","template":"","meta":{"_acf_changed":false,"footnotes":""},"class_list":["post-4250","page","type-page","status-publish","hentry"],"acf":[],"aioseo_notices":[],"_links":{"self":[{"href":"https:\/\/www.amazonmykonos.com\/de\/wp-json\/wp\/v2\/pages\/4250","targetHints":{"allow":["GET"]}}],"collection":[{"href":"https:\/\/www.amazonmykonos.com\/de\/wp-json\/wp\/v2\/pages"}],"about":[{"href":"https:\/\/www.amazonmykonos.com\/de\/wp-json\/wp\/v2\/types\/page"}],"author":[{"embeddable":true,"href":"https:\/\/www.amazonmykonos.com\/de\/wp-json\/wp\/v2\/users\/2"}],"replies":[{"embeddable":true,"href":"https:\/\/www.amazonmykonos.com\/de\/wp-json\/wp\/v2\/comments?post=4250"}],"version-history":[{"count":8,"href":"https:\/\/www.amazonmykonos.com\/de\/wp-json\/wp\/v2\/pages\/4250\/revisions"}],"predecessor-version":[{"id":4590,"href":"https:\/\/www.amazonmykonos.com\/de\/wp-json\/wp\/v2\/pages\/4250\/revisions\/4590"}],"wp:attachment":[{"href":"https:\/\/www.amazonmykonos.com\/de\/wp-json\/wp\/v2\/media?parent=4250"}],"curies":[{"name":"wp","href":"https:\/\/api.w.org\/{rel}","templated":true}]}}