{"id":4254,"date":"2020-05-25T14:27:07","date_gmt":"2020-05-25T14:27:07","guid":{"rendered":"https:\/\/www.amazonmykonos.com\/facilities-copy\/"},"modified":"2024-05-30T11:58:34","modified_gmt":"2024-05-30T11:58:34","slug":"facilities","status":"publish","type":"page","link":"https:\/\/www.amazonmykonos.com\/de\/facilities\/","title":{"rendered":"EINRICHTUNGEN"},"content":{"rendered":"<p>Unser Ziel ist es, Ihnen w\u00e4hrend Ihres Aufenthalts bei uns jeglichen Luxus und Komfort zu bieten, den Sie sich w\u00fcnschen und den Sie sich verdient haben. Es gibt zahlreiche Einrichtungen und Dienstleistungen, die alle Ihre Bed\u00fcrfnisse und Anforderungen an einen idyllischen Aufenthalt erf\u00fcllen werden, und unser freundliches und fachkundiges Personal ist darauf spezialisiert, unsere Vielzahl von Dienstleistungen genau auf Ihre Bed\u00fcrfnisse abzustimmen. Bitte setzen Sie sich im Voraus mit uns in Verbindung, um uns Ihre W\u00fcnsche mitzuteilen, oder wenden Sie sich w\u00e4hrend Ihres Aufenthalts jederzeit an unsere Rezeption. BITTE BEACHTEN SIE: Wir haben alle Vorkehrungen getroffen<\/p>\n<div class=\"grid\">\n<div class=\"grid-item \">\n<p><strong>Hotel Einrichtungen<\/strong><\/p>\n<ul>\n<li>24-Stunden-Rezeption \/ Frontdesk<\/li>\n<li>Flughafen- \/ Hafentransfer-Service<\/li>\n<li>Kinderst\u00fchle im Restaurant (auf Anfrage)<\/li>\n<li>Babybett (auf Anfrage)<\/li>\n<li>Baby-Sitting (auf Anfrage)<\/li>\n<li>Bar Restaurant<\/li>\n<li>Sch\u00f6nheitsbehandlungen (auf Anfrage)<\/li>\n<li>Bellboy-Service<\/li>\n<li>Bootsausfl\u00fcge (auf Anfrage)<\/li>\n<li>Boutique<\/li>\n<li>Business Center<\/li>\n<li>Fr\u00fchst\u00fccksboxen (auf Anfrage)<\/li>\n<li>Auto- und Motorradvermietung<\/li>\n<li>Kapelle \/ Schrein<\/li>\n<li>Concierge-Dienste<\/li>\n<li>Konferenz- \/ Tagungsr\u00e4ume<\/li>\n<li>T\u00e4gliche Zimmerreinigung<\/li>\n<li>Arzt (auf Anfrage)<\/li>\n<li>Fr\u00fcher Fr\u00fchst\u00fccksservice (auf Anfrage)<\/li>\n<li>Veranstaltungsplanung (private &amp; gesch\u00e4ftliche)<\/li>\n<li>Express-Check-out-Service<\/li>\n<li>Fax- und Fotokopiereinrichtungen<\/li>\n<li>Kostenloser gemeinsamer Transfer vom\/zum Flughafen<\/li>\n<li>Kostenloser gemeinsamer Transfer vom\/zum Hafen<\/li>\n<li>Fitnessraum<\/li>\n<li>Hammam<\/li>\n<li>Internet-Ecke<\/li>\n<li>W\u00e4sche- &amp; B\u00fcgelservice &amp; chemische Reinigung<\/li>\n<li>Laptop Ecke<\/li>\n<li>Lobby Lounge<\/li>\n<li>Massage<\/li>\n<li>Mediterranes Restaurant mit griechischer K\u00fcche<\/li>\n<li>Minigolf vor Ort (Anzahl der L\u00f6cher: 18)<\/li>\n<li>Kinderspielplatz im Freien<\/li>\n<li>Parkplatz (kostenlos)<\/li>\n<li>Hilfe beim Parken<\/li>\n<li>Pool-Snackbar<\/li>\n<li>Pool-Sonnenliegen &amp; -schirme<\/li>\n<li>Badet\u00fccher<\/li>\n<li>Privater Transfer vom\/zum Flughafen (gegen Geb\u00fchr)<\/li>\n<li>Privater Transfer vom\/zum Hafen (gegen Geb\u00fchr)<\/li>\n<li>Restaurant<\/li>\n<li>Zimmerservice (24 Stunden)<\/li>\n<li>Fr\u00fchst\u00fccksservice im Zimmer (auf Anfrage, gegen Geb\u00fchr)<\/li>\n<li>Safe (in den Zimmern)<\/li>\n<li>Satellitenfernsehen<\/li>\n<li>Duschen &amp; Umkleider\u00e4ume<\/li>\n<li>Spa<\/li>\n<li>Transfers und Transport auf dem Gel\u00e4nde (auf Anfrage)<\/li>\n<li>Saisonaler Infinity-Pool im Freien (S\u00fc\u00dfwasser, nicht beheizt)<\/li>\n<li>Turndown-Service<\/li>\n<li>Obergeschosse nur \u00fcber Treppen erreichbar<\/li>\n<li>Arrangements f\u00fcr Hochzeiten &amp; besondere Anl\u00e4sse<\/li>\n<li>Begr\u00fc\u00dfungsgetr\u00e4nk<\/li>\n<li>Wi-Fi-Internetzugang (kostenlos)<\/li>\n<li>Das Fr\u00fchst\u00fcck ist f\u00fcr mehr als 3 Stunden verf\u00fcgbar<\/li>\n<\/ul>\n<\/div>\n<div class=\"grid-item \">\n<p><strong>Zimmer-Einrichtungen<\/strong><\/p>\n<ul>\n<li>Klimaanlage<\/li>\n<li>Babybett (auf Anfrage)<\/li>\n<li>Pflegeprodukte<\/li>\n<li>Badet\u00fccher (Wechsel auf Anfrage)<\/li>\n<li>Badem\u00e4ntel und Hausschuhe<\/li>\n<li>Badezimmer mit Dusche<\/li>\n<li>Kabel-Satellitenfernsehen<\/li>\n<li>Kleiderschrank<\/li>\n<li>Kaffee- und Teefazilit\u00e4ten<\/li>\n<li>T\u00e4gliche Zimmerreinigung<\/li>\n<li>Direktwahltelefon<\/li>\n<li>Elektrischer Wasserkocher<\/li>\n<li>Elektronische Schl\u00f6sser<\/li>\n<li>Flachbildfernseher<\/li>\n<li>Gro\u00dfer Spiegel<\/li>\n<li>W\u00e4scheservice (gegen Geb\u00fchr)<\/li>\n<li>Haartrockner<\/li>\n<li>Individuell gesteuerte Klimaanlage<\/li>\n<li>Individuell dekoriert<\/li>\n<li>Individuell eingerichtet<\/li>\n<li>B\u00fcgeleisen &amp; B\u00fcgelbrett<\/li>\n<li>Vergr\u00f6\u00dferungsspiegel<\/li>\n<li>Mini-Bar<\/li>\n<li>Moderne Einrichtung<\/li>\n<li>Nespresso-Maschine<\/li>\n<li>Nichtraucherzimmer verf\u00fcgbar<\/li>\n<li>Pool-Badet\u00fccher<\/li>\n<li>Steckdose f\u00fcr Rasierapparat<\/li>\n<li>Zimmerservice (24 Stunden)<\/li>\n<li>Safe<\/li>\n<li>Hausschuhe<\/li>\n<li>Schalldichte Fenster<\/li>\n<li>Turndown-Service<\/li>\n<li>Obergeschosse nur \u00fcber Treppen erreichbar<\/li>\n<li>Weckruf<\/li>\n<li>Waage<\/li>\n<li>Begr\u00fc\u00dfungsgetr\u00e4nk<\/li>\n<li>Wi-Fi-Internetzugang (kostenlos)<\/li>\n<\/ul>\n<\/div>\n<div class=\"grid-item \">\n<p><strong>Reise- &amp; Transportdienstleistungen<\/strong><\/p>\n<ul>\n<li>Flugbuchungen<\/li>\n<li>Reiseberatungsdienst<\/li>\n<li>Schalter mit Reiseberater &amp; -organisator<\/li>\n<li>Flughafen-\/Hafentransfer bei Ankunft\/Abreise (auf Anfrage)<\/li>\n<li>Privater Flughafen-\/Hafentransfer bei Ankunft\/Abreise (auf Anfrage, gegen Geb\u00fchr)<\/li>\n<li>Autovermietung<\/li>\n<li>Transfers und Transport auf dem Gel\u00e4nde (auf Anfrage)<\/li>\n<li>Mykonos &amp; Delos Besichtigungstour (auf Anfrage)<\/li>\n<li>Mykonos Segelkreuzfahrten \/ Bootsausfl\u00fcge (auf Anfrage)<\/li>\n<\/ul>\n<\/div>\n<div class=\"grid-item \">\n<style>.myImg{<br \/>text-align:center;<br \/>}<\/style>\n<div class=\"myImg\"><img decoding=\"async\" style=\"margin-bottom: 15px;\" src=\"\/wp-content\/uploads\/2021\/01\/Facilities_mini-golf2.png\" \/><\/div>\n<p><strong>Freizeit- &amp; Unterhaltungsdienstleistungen<\/strong><\/p>\n<ul>\n<li>Baby-Sitting<\/li>\n<li>Fitness-Center<\/li>\n<li>Hammam<\/li>\n<li>Hallenbad (beheizt)<\/li>\n<li>Massage<\/li>\n<li>Minigolf vor Ort (Anzahl der L\u00f6cher: 18)<\/li>\n<li>Infinity-Pool im Freien (nicht beheizt)<\/li>\n<li>Kinderspielplatz im Freien (vor Ort)<\/li>\n<li>Spa<\/li>\n<li>Wassersport (au\u00dferhalb des Gel\u00e4ndes)<\/li>\n<li>Wind- \/ Kitesurfen (au\u00dferhalb des Gel\u00e4ndes)<\/li>\n<\/ul>\n<\/div>\n<div class=\"grid-item \">\n<p><strong>Veranstaltungsdienstleistungen<\/strong><\/p>\n<ul>\n<li>Veranstaltungsplanung (private &amp; gesch\u00e4ftliche)<\/li>\n<li>Hochzeits- und Taufearrangements<\/li>\n<li>Hoteleigener Chef<\/li>\n<li>Tagungs- \/Banketteinrichtungen<\/li>\n<li>G\u00e4stebetreuungsdienste<\/li>\n<li>Tischreservierungen f\u00fcr Abendveranstaltungen \/ Abendessen<\/li>\n<\/ul>\n<\/div>\n<div class=\"grid-item \">\n<p><strong>VIP-Dienste<\/strong><\/p>\n<ul>\n<li>VIP-Tischreservierungen &#8211; Reservierungen<\/li>\n<li>Butler-Dienst<\/li>\n<li>Chauffeur<\/li>\n<li>Executive Transfers und Transport auf dem Gel\u00e4nde<\/li>\n<li>Sicherheits- \/ Bewachungs- \/ Personenschutzdienste<\/li>\n<\/ul>\n<\/div>\n<\/div>\n","protected":false},"excerpt":{"rendered":"<p>Unser Ziel ist es, Ihnen w\u00e4hrend Ihres Aufenthalts bei uns jeglichen Luxus und Komfort zu bieten, den Sie sich w\u00fcnschen und den Sie sich verdient haben. Es gibt zahlreiche Einrichtungen und Dienstleistungen, die alle Ihre Bed\u00fcrfnisse und Anforderungen an einen idyllischen Aufenthalt erf\u00fcllen werden, und unser freundliches und fachkundiges Personal ist darauf spezialisiert, unsere Vielzahl [&hellip;]<\/p>\n","protected":false},"author":2,"featured_media":0,"parent":0,"menu_order":0,"comment_status":"closed","ping_status":"closed","template":"","meta":{"_acf_changed":false,"footnotes":""},"class_list":["post-4254","page","type-page","status-publish","hentry"],"acf":[],"aioseo_notices":[],"_links":{"self":[{"href":"https:\/\/www.amazonmykonos.com\/de\/wp-json\/wp\/v2\/pages\/4254","targetHints":{"allow":["GET"]}}],"collection":[{"href":"https:\/\/www.amazonmykonos.com\/de\/wp-json\/wp\/v2\/pages"}],"about":[{"href":"https:\/\/www.amazonmykonos.com\/de\/wp-json\/wp\/v2\/types\/page"}],"author":[{"embeddable":true,"href":"https:\/\/www.amazonmykonos.com\/de\/wp-json\/wp\/v2\/users\/2"}],"replies":[{"embeddable":true,"href":"https:\/\/www.amazonmykonos.com\/de\/wp-json\/wp\/v2\/comments?post=4254"}],"version-history":[{"count":13,"href":"https:\/\/www.amazonmykonos.com\/de\/wp-json\/wp\/v2\/pages\/4254\/revisions"}],"predecessor-version":[{"id":4584,"href":"https:\/\/www.amazonmykonos.com\/de\/wp-json\/wp\/v2\/pages\/4254\/revisions\/4584"}],"wp:attachment":[{"href":"https:\/\/www.amazonmykonos.com\/de\/wp-json\/wp\/v2\/media?parent=4254"}],"curies":[{"name":"wp","href":"https:\/\/api.w.org\/{rel}","templated":true}]}}