{"id":4268,"date":"2020-03-17T16:26:35","date_gmt":"2020-03-17T16:26:35","guid":{"rendered":"https:\/\/www.amazonmykonos.com\/stay-copy\/"},"modified":"2022-12-02T13:55:47","modified_gmt":"2022-12-02T13:55:47","slug":"stay","status":"publish","type":"page","link":"https:\/\/www.amazonmykonos.com\/de\/stay\/","title":{"rendered":"AUFENTHALT"},"content":{"rendered":"<p>In jeder unserer 60 luxuri\u00f6sen Suiten ist es unsere oberste Priorit\u00e4t, unsere G\u00e4ste zu verw\u00f6hnen und daf\u00fcr zu sorgen, dass Sie sich wie zu Hause f\u00fchlen. Unsere stilvollen Unterk\u00fcnfte sind alle wundersch\u00f6n lichtdurchflutet und blicken auf die wechselnden Blaut\u00f6ne des Himmels und der \u00c4g\u00e4is. Aufmunterndes Wei\u00df, beruhigende neutrale T\u00f6ne wie Beige und warme Holzelemente bieten Komfort, Gem\u00fctlichkeit und W\u00e4rme.<\/p>\n<p>Unser ausgew\u00e4hltes, zeitgen\u00f6ssisches Dekor hebt jedes Zimmer von den anderen ab, durch seine einzigartige Merkmale wie luftige Eleganz und kreativer Stil. Egal ob Sie davon tr\u00e4umen, an Ihrem privaten Infinity-Pool zu liegen oder sich in einem Jacuzzi unter dem Sternenhimmel zu entspannen, bei Amazon Mykonos finden Sie die Suite Ihrer Tr\u00e4ume.<\/p>\n<p>Wenn Sie sich lieber noch mehr ausstrecken oder mit mehreren Ihrer Lieblingsmenschen zusammenbleiben und trotzdem absolute Privatsph\u00e4re genie\u00dfen m\u00f6chten, k\u00f6nnen Sie sich f\u00fcr eine unserer drei Villen entscheiden. Jede Villa ist in einem zeitgen\u00f6ssischen, eleganten Stil eingerichtet und bietet einen idyllischen Blick auf die \u00c4g\u00e4is. Sie bietet Platz f\u00fcr bis zu vier Personen in einem Doppelbett und zwei Schlafsofas. Unsere Villen verf\u00fcgen au\u00dferdem jeweils \u00fcber einen eigenen privaten Pool, um Ihnen den ultimativen Komfort zu bieten.<\/p>\n","protected":false},"excerpt":{"rendered":"<p>In jeder unserer 60 luxuri\u00f6sen Suiten ist es unsere oberste Priorit\u00e4t, unsere G\u00e4ste zu verw\u00f6hnen und daf\u00fcr zu sorgen, dass Sie sich wie zu Hause f\u00fchlen. Unsere stilvollen Unterk\u00fcnfte sind alle wundersch\u00f6n lichtdurchflutet und blicken auf die wechselnden Blaut\u00f6ne des Himmels und der \u00c4g\u00e4is. Aufmunterndes Wei\u00df, beruhigende neutrale T\u00f6ne wie Beige und warme Holzelemente bieten [&hellip;]<\/p>\n","protected":false},"author":2,"featured_media":0,"parent":0,"menu_order":0,"comment_status":"closed","ping_status":"closed","template":"","meta":{"_acf_changed":false,"footnotes":""},"class_list":["post-4268","page","type-page","status-publish","hentry"],"acf":[],"aioseo_notices":[],"_links":{"self":[{"href":"https:\/\/www.amazonmykonos.com\/de\/wp-json\/wp\/v2\/pages\/4268","targetHints":{"allow":["GET"]}}],"collection":[{"href":"https:\/\/www.amazonmykonos.com\/de\/wp-json\/wp\/v2\/pages"}],"about":[{"href":"https:\/\/www.amazonmykonos.com\/de\/wp-json\/wp\/v2\/types\/page"}],"author":[{"embeddable":true,"href":"https:\/\/www.amazonmykonos.com\/de\/wp-json\/wp\/v2\/users\/2"}],"replies":[{"embeddable":true,"href":"https:\/\/www.amazonmykonos.com\/de\/wp-json\/wp\/v2\/comments?post=4268"}],"version-history":[{"count":4,"href":"https:\/\/www.amazonmykonos.com\/de\/wp-json\/wp\/v2\/pages\/4268\/revisions"}],"predecessor-version":[{"id":4342,"href":"https:\/\/www.amazonmykonos.com\/de\/wp-json\/wp\/v2\/pages\/4268\/revisions\/4342"}],"wp:attachment":[{"href":"https:\/\/www.amazonmykonos.com\/de\/wp-json\/wp\/v2\/media?parent=4268"}],"curies":[{"name":"wp","href":"https:\/\/api.w.org\/{rel}","templated":true}]}}