{"id":4272,"date":"2020-06-08T09:52:49","date_gmt":"2020-06-08T09:52:49","guid":{"rendered":"https:\/\/www.amazonmykonos.com\/the-ultimate-dining-pleasure-copy\/"},"modified":"2026-02-12T09:32:41","modified_gmt":"2026-02-12T09:32:41","slug":"the-ultimate-dining-pleasure","status":"publish","type":"page","link":"https:\/\/www.amazonmykonos.com\/de\/the-ultimate-dining-pleasure\/","title":{"rendered":"WEIN &#038; ESSEN"},"content":{"rendered":"<p>Mit einer kunstvoll zusammengestellten Speisekarte mit raffinierten griechisch-mediterranen Gerichten hei\u00dft unser Restaurant G\u00e4ste und externe Besucher zu einem ultimativen Speise- und Getr\u00e4nkeerlebnis willkommen.<\/p>\n<p>Unser K\u00fcchenchef verwendet ausschlie\u00dflich hochwertige, saisonale und haupts\u00e4chlich lokal bezogene Zutaten und bietet den G\u00e4sten eine exquisite Gourmet-Auswahl, die das Exotische mit dem Lokalen, das Ultra-Innovative mit den traditionellen Wurzeln verbindet. Mit einem unglaublichen Blick auf das Meer, der bei Sonnenuntergang mehr als atemberaubend ist und unter dem Sternenhimmel elegant belebt, hat das Sunset mit seinen gaumenverz\u00fcckenden Geschm\u00e4ckern, Texturen und stilvollen Pr\u00e4sentationen, einem herrlich komfortablen Ambiente und ausgezeichnetem Service f\u00fcr Aufsehen gesorgt.<\/p>\n<p>Verspielt und perfektionistisch zugleich, kommt unser K\u00fcchenchef oft an Ihren Tisch, sowie Ihnen Ihr Gericht serviert ist, um vor Ihren Augen den letzten Schliff zu geben, damit der Geschmack und die Aromen genau so sind, wie sie sein m\u00fcssen, wenn sie Ihre Sinne erreichen. Da wir stets auf die W\u00fcnsche und Bed\u00fcrfnisse unserer G\u00e4ste R\u00fccksicht nehmen, finden Sie auf der Speisekarte eine gro\u00dfe Auswahl an vegetarischen und veganen Gerichten, und alle Gerichte k\u00f6nnen f\u00fcr Personen mit Allergien oder besonderen.<\/p>\n<p><a style=\"color: #cca6ac;\" title=\"Mykonosunset\" href=\"https:\/\/www.mykonosunset.com\" target=\"_blank\" rel=\"noopener\"> MEHR<\/a><\/p>\n<div class=\"button-areaz\"><a class=\"book-nowz\" style=\"text-align: center;\" title=\"Make a Reservation\" href=\"\/\/www.i-host.gr\/Reservations\/New?restaurant=790&amp;channel=website&amp;lang=eng\" target=\"_blank\" rel=\"noopener\">Machen Sie eine Reservierung<\/a><\/div>\n","protected":false},"excerpt":{"rendered":"<p>Mit einer kunstvoll zusammengestellten Speisekarte mit raffinierten griechisch-mediterranen Gerichten hei\u00dft unser Restaurant G\u00e4ste und externe Besucher zu einem ultimativen Speise- und Getr\u00e4nkeerlebnis willkommen. Unser K\u00fcchenchef verwendet ausschlie\u00dflich hochwertige, saisonale und haupts\u00e4chlich lokal bezogene Zutaten und bietet den G\u00e4sten eine exquisite Gourmet-Auswahl, die das Exotische mit dem Lokalen, das Ultra-Innovative mit den traditionellen Wurzeln verbindet. Mit [&hellip;]<\/p>\n","protected":false},"author":2,"featured_media":0,"parent":0,"menu_order":0,"comment_status":"closed","ping_status":"closed","template":"","meta":{"_acf_changed":false,"footnotes":""},"class_list":["post-4272","page","type-page","status-publish","hentry"],"acf":[],"aioseo_notices":[],"_links":{"self":[{"href":"https:\/\/www.amazonmykonos.com\/de\/wp-json\/wp\/v2\/pages\/4272","targetHints":{"allow":["GET"]}}],"collection":[{"href":"https:\/\/www.amazonmykonos.com\/de\/wp-json\/wp\/v2\/pages"}],"about":[{"href":"https:\/\/www.amazonmykonos.com\/de\/wp-json\/wp\/v2\/types\/page"}],"author":[{"embeddable":true,"href":"https:\/\/www.amazonmykonos.com\/de\/wp-json\/wp\/v2\/users\/2"}],"replies":[{"embeddable":true,"href":"https:\/\/www.amazonmykonos.com\/de\/wp-json\/wp\/v2\/comments?post=4272"}],"version-history":[{"count":6,"href":"https:\/\/www.amazonmykonos.com\/de\/wp-json\/wp\/v2\/pages\/4272\/revisions"}],"predecessor-version":[{"id":4892,"href":"https:\/\/www.amazonmykonos.com\/de\/wp-json\/wp\/v2\/pages\/4272\/revisions\/4892"}],"wp:attachment":[{"href":"https:\/\/www.amazonmykonos.com\/de\/wp-json\/wp\/v2\/media?parent=4272"}],"curies":[{"name":"wp","href":"https:\/\/api.w.org\/{rel}","templated":true}]}}