{"id":3155,"date":"2020-06-08T09:52:49","date_gmt":"2020-06-08T09:52:49","guid":{"rendered":"https:\/\/www.amazonmykonos.com\/the-ultimate-dining-pleasure-copy\/"},"modified":"2026-02-12T09:33:27","modified_gmt":"2026-02-12T09:33:27","slug":"the-ultimate-dining-pleasure","status":"publish","type":"page","link":"https:\/\/www.amazonmykonos.com\/fr\/the-ultimate-dining-pleasure\/","title":{"rendered":"VIN ET RESTAURATION"},"content":{"rendered":"<p>Tout au long de la journ\u00e9e, vous pourrez d\u00e9guster des collations fra\u00eechement pr\u00e9par\u00e9es et des repas l\u00e9gers au bar de la piscine SPLASH, ainsi qu&rsquo;un service en chambre d\u00e8s le matin et jusque tard dans la nuit.<\/p>\n<p>&nbsp;<\/p>\n<h2 class=\"sub-title dancing\">Restaurant m\u00e9diterran\u00e9en grec<\/h2>\n<p>&nbsp;<\/p>\n<p>Le soir, nous vous accueillons dans notre restaurant <strong>FLAVOR<\/strong> pour d\u00e9guster une s\u00e9lection all\u00e9chante de plats gr\u00e9co-m\u00e9diterran\u00e9ens. En utilisant des ingr\u00e9dients locaux, frais et de saison ainsi que des saveurs exotiques, notre chef a cr\u00e9\u00e9 un menu d\u00e9lectable et \u00e9clectique avec beaucoup de vari\u00e9t\u00e9 pour nos invit\u00e9s \u00e0 savourer sous le ciel nocturne. Accompagnez votre repas de nos cocktails parfaitement mix\u00e9s ou d&rsquo;une grande s\u00e9lection de vins grecs et internationaux et obtenez un v\u00e9ritable aper\u00e7u du glamour de Mykonos offert par l&rsquo;h\u00f4tel Amazon.<\/p>\n<p>Au bar situ\u00e9 \u00e0 la r\u00e9ception, <strong>BUBBLES<\/strong>, vous pourrez vous r\u00e9galer avec une grande s\u00e9lection de spiritueux, de cocktails mixtes ou de vins grecs et internationaux tout en profitant du coucher de soleil l&rsquo;apr\u00e8s-midi ou avant le repos.<\/p>\n<p><strong>\u00c0 NOTER\u00a0:<\/strong> Nous avons pris toutes les pr\u00e9cautions sanitaires n\u00e9cessaires pour prot\u00e9ger nos h\u00f4tes et notre personnel de la Covid-19, en suivant toutes les directives gouvernementales n\u00e9cessaires. Dans tous les installations de notre h\u00f4tel, notre personnel respecte strictement toutes les pratiques requises en mati\u00e8re d&rsquo;hygi\u00e8ne.<\/p>\n<p>N&rsquo;h\u00e9sitez pas \u00e0 informer le personnel de toute pr\u00e9f\u00e9rence di\u00e9t\u00e9tique ou allergie alimentaire, afin que les plats de votre choix soient adapt\u00e9s \u00e0 vos besoins.<\/p>\n<div class=\"button-areaz\"><a class=\"book-nowz\" style=\"text-align: center;\" title=\"Faire une r\u00e9servation\" href=\"\/\/www.i-host.gr\/Reservations\/New?restaurant=790&amp;channel=website&amp;lang=eng\" target=\"_blank\" rel=\"noopener\">Faire une r\u00e9servation<\/a><\/div>\n","protected":false},"excerpt":{"rendered":"<p>Tout au long de la journ\u00e9e, vous pourrez d\u00e9guster des collations fra\u00eechement pr\u00e9par\u00e9es et des repas l\u00e9gers au bar de la piscine SPLASH, ainsi qu&rsquo;un service en chambre d\u00e8s le matin et jusque tard dans la nuit. &nbsp; Restaurant m\u00e9diterran\u00e9en grec &nbsp; Le soir, nous vous accueillons dans notre restaurant FLAVOR pour d\u00e9guster une s\u00e9lection [&hellip;]<\/p>\n","protected":false},"author":2,"featured_media":0,"parent":0,"menu_order":0,"comment_status":"closed","ping_status":"closed","template":"","meta":{"_acf_changed":false,"footnotes":""},"class_list":["post-3155","page","type-page","status-publish","hentry"],"acf":[],"aioseo_notices":[],"_links":{"self":[{"href":"https:\/\/www.amazonmykonos.com\/fr\/wp-json\/wp\/v2\/pages\/3155","targetHints":{"allow":["GET"]}}],"collection":[{"href":"https:\/\/www.amazonmykonos.com\/fr\/wp-json\/wp\/v2\/pages"}],"about":[{"href":"https:\/\/www.amazonmykonos.com\/fr\/wp-json\/wp\/v2\/types\/page"}],"author":[{"embeddable":true,"href":"https:\/\/www.amazonmykonos.com\/fr\/wp-json\/wp\/v2\/users\/2"}],"replies":[{"embeddable":true,"href":"https:\/\/www.amazonmykonos.com\/fr\/wp-json\/wp\/v2\/comments?post=3155"}],"version-history":[{"count":6,"href":"https:\/\/www.amazonmykonos.com\/fr\/wp-json\/wp\/v2\/pages\/3155\/revisions"}],"predecessor-version":[{"id":4893,"href":"https:\/\/www.amazonmykonos.com\/fr\/wp-json\/wp\/v2\/pages\/3155\/revisions\/4893"}],"wp:attachment":[{"href":"https:\/\/www.amazonmykonos.com\/fr\/wp-json\/wp\/v2\/media?parent=3155"}],"curies":[{"name":"wp","href":"https:\/\/api.w.org\/{rel}","templated":true}]}}