{"id":837,"date":"2020-03-17T16:26:35","date_gmt":"2020-03-17T16:26:35","guid":{"rendered":"https:\/\/www.amazonmykonos.com\/stay-copy\/"},"modified":"2022-03-22T09:46:59","modified_gmt":"2022-03-22T09:46:59","slug":"stay","status":"publish","type":"page","link":"https:\/\/www.amazonmykonos.com\/fr\/stay\/","title":{"rendered":"S\u00c9JOUR"},"content":{"rendered":"<p>Dans chacune de nos 60 suites luxueuses, nous faisons en sorte de choyer nos h\u00f4tes et de vous faire sentir comme chez vous. Nos h\u00e9bergements \u00e9l\u00e9gants sont tous magnifiquement \u00e9clair\u00e9s et font face aux bleus changeants du ciel et de la mer \u00c9g\u00e9e. Le blanc, les teintes neutres apaisantes comme le beige et les \u00e9l\u00e9ments en bois chaleureux offrent confort, chaleur et ancrage.<\/p>\n<p>Notre d\u00e9cor contemporain \u00e9clectique fait que chaque chambre se distingue des autres par des caract\u00e9ristiques uniques d&rsquo;\u00e9l\u00e9gance a\u00e9r\u00e9e et de style cr\u00e9atif. Que vous r\u00eaviez de vous pr\u00e9lasser au bord de votre piscine \u00e0 d\u00e9bordement priv\u00e9e ou de vous d\u00e9tendre dans un jacuzzi sous les \u00e9toiles, vous trouverez chez Amazon Mykonos la suite de vos r\u00eaves.<\/p>\n<p>Si vous pr\u00e9f\u00e9rez vous disperser encore plus, ou rester avec plusieurs de vos personnes pr\u00e9f\u00e9r\u00e9es tout en b\u00e9n\u00e9ficiant d&rsquo;une intimit\u00e9 totale, vous pouvez choisir l&rsquo;une de nos trois villas. D\u00e9cor\u00e9e dans un style contemporain et \u00e9l\u00e9gant et offrant des vues idylliques sur la mer \u00c9g\u00e9e, chaque villa peut accueillir jusqu&rsquo;\u00e0 quatre personnes dans un lit double et deux canap\u00e9s-lits. Nos villas disposent \u00e9galement chacune de leur propre piscine priv\u00e9e pour votre plus grand confort.<\/p>\n","protected":false},"excerpt":{"rendered":"<p>Dans chacune de nos 60 suites luxueuses, nous faisons en sorte de choyer nos h\u00f4tes et de vous faire sentir comme chez vous. Nos h\u00e9bergements \u00e9l\u00e9gants sont tous magnifiquement \u00e9clair\u00e9s et font face aux bleus changeants du ciel et de la mer \u00c9g\u00e9e. Le blanc, les teintes neutres apaisantes comme le beige et les \u00e9l\u00e9ments [&hellip;]<\/p>\n","protected":false},"author":2,"featured_media":0,"parent":0,"menu_order":0,"comment_status":"closed","ping_status":"closed","template":"","meta":{"_acf_changed":false,"footnotes":""},"class_list":["post-837","page","type-page","status-publish","hentry"],"acf":[],"aioseo_notices":[],"_links":{"self":[{"href":"https:\/\/www.amazonmykonos.com\/fr\/wp-json\/wp\/v2\/pages\/837","targetHints":{"allow":["GET"]}}],"collection":[{"href":"https:\/\/www.amazonmykonos.com\/fr\/wp-json\/wp\/v2\/pages"}],"about":[{"href":"https:\/\/www.amazonmykonos.com\/fr\/wp-json\/wp\/v2\/types\/page"}],"author":[{"embeddable":true,"href":"https:\/\/www.amazonmykonos.com\/fr\/wp-json\/wp\/v2\/users\/2"}],"replies":[{"embeddable":true,"href":"https:\/\/www.amazonmykonos.com\/fr\/wp-json\/wp\/v2\/comments?post=837"}],"version-history":[{"count":3,"href":"https:\/\/www.amazonmykonos.com\/fr\/wp-json\/wp\/v2\/pages\/837\/revisions"}],"predecessor-version":[{"id":3154,"href":"https:\/\/www.amazonmykonos.com\/fr\/wp-json\/wp\/v2\/pages\/837\/revisions\/3154"}],"wp:attachment":[{"href":"https:\/\/www.amazonmykonos.com\/fr\/wp-json\/wp\/v2\/media?parent=837"}],"curies":[{"name":"wp","href":"https:\/\/api.w.org\/{rel}","templated":true}]}}